{"id":3,"date":"2021-05-12T16:40:12","date_gmt":"2021-05-12T16:40:12","guid":{"rendered":"https:\/\/staging.kamalei.it\/?page_id=3"},"modified":"2023-02-14T17:05:01","modified_gmt":"2023-02-14T17:05:01","slug":"privacy-policy","status":"publish","type":"page","link":"https:\/\/staging.kamalei.it\/?page_id=3","title":{"rendered":"Privacy Policy"},"content":{"rendered":"\t\t<div data-elementor-type=\"wp-page\" data-elementor-id=\"3\" class=\"elementor elementor-3\">\n\t\t\t\t\t\t\t\t\t<section class=\"elementor-section elementor-top-section elementor-element elementor-element-2d42b1cc elementor-section-boxed elementor-section-height-default elementor-section-height-default parallax_section_no qode_elementor_container_no\" data-id=\"2d42b1cc\" data-element_type=\"section\">\n\t\t\t\t\t\t<div class=\"elementor-container elementor-column-gap-default\">\n\t\t\t\t\t<div class=\"elementor-column elementor-col-100 elementor-top-column elementor-element elementor-element-2e352d7f\" data-id=\"2e352d7f\" data-element_type=\"column\">\n\t\t\t<div class=\"elementor-widget-wrap elementor-element-populated\">\n\t\t\t\t\t\t\t\t<div class=\"elementor-element elementor-element-1c44d8b7 elementor-widget elementor-widget-text-editor\" data-id=\"1c44d8b7\" data-element_type=\"widget\" data-widget_type=\"text-editor.default\">\n\t\t\t\t<div class=\"elementor-widget-container\">\n\t\t\t\t\t\t\t<p><!-- wp:heading --><\/p>\n<h1>Informativa Privacy<\/h1>\n<p><!-- \/wp:heading --><!-- wp:paragraph --><\/p>\n<p>\u00a0<\/p>\n<p>La presente dichiarazione contiene l\u2019indicazione delle norme e delle direttive cui si attiene\u00a0Kamalei B&amp;B di La Torre Valentina Ditta\u00a0(di seguito anche \u201cKamalei B&amp;B\u201d o \u201cTitolare\u201d) per quel che riguarda il trattamento dei dati personali degli utenti (di seguito \u201cUtenti\u201d) del sito web\u00a0www.kamalei.it\u00a0di cui\u00a0Kamalei B&amp;B\u00a0\u00e8 legittima proprietaria (di seguito \u201cSito\u201d) e\u00a0titolare del trattamento dei dati personali.<br \/>In questa pagina si descrivono le modalit\u00e0 di gestione del sito in riferimento al trattamento dei dati personali degli utenti che lo consultano. Il trattamento si basa sempre su principi di liceit\u00e0 e correttezza in ottemperanza a tutte le vigenti normative e vengono adottate idonee misure di sicurezza a protezione dei dati.<\/p>\n<p>\u00a0<\/p>\n<p>Poich\u00e9 il sito opera ed \u00e8 ospitato in territorio italiano,\u00a0Kamalei B&amp;B\u00a0fornisce l\u2019informativa privacy in conformit\u00e0 all\u2019art. 13 del Regolamento del D.Lgs 196\/2003 (di seguito \u201cCodice Privacy\u201d) e ai sensi dell\u2019art. 13 del Regolamento UE 2016\/679 del 27 aprile 2016, il quale sar\u00e0 applicabile dal 25 maggio 2018 (di seguito \u201cRegolamento\u201d) che costituiscono i riferimenti della normativa applicabile, salve tutte le integrazioni e modifiche che potrebbero rendersi necessarie a seguito di interventi legislativi nazionali ed europei nonch\u00e9 all\u2019emanazione di provvedimenti e linee guida da parte del Garante per la Protezione dei Dati Personali e altre autorit\u00e0 nazionali ed europee in campo privacy.\u00a0\u00a0<\/p>\n<p>\u00a0<\/p>\n<p>L\u2019informativa \u00e8 resa anche ai sensi della Raccomandazione n. 2\/2001 adottata dal Gruppo di lavoro istituito dall\u2019art. 29 della direttiva n. 95\/46\/CE. a coloro che interagiscono con i servizi web di questo sito,\u00a0al fine della protezione dei dati personali, accessibili per via telematica a partire dall\u2019indirizzo:\u00a0www.kamalei.it\u00a0. Utilizzando uno qualsiasi dei nostri servizi e\/ o accettando la presente Informativa, per esempio nell\u2019ambito della registrazione a uno dei nostri servizi, acconsenti alla raccolta e all\u2019uso delle Informazioni personali come descritto nella presente Informativa.<\/p>\n<p><!-- \/wp:paragraph --><!-- wp:heading --><\/p>\n<h2>\u00a0<\/h2>\n<h2>Titolare del trattamento dei dati<\/h2>\n<p><!-- \/wp:heading --><!-- wp:paragraph --><\/p>\n<p>Titolare del trattamento \u00e8 Kamalei B&amp;B di La Torre Valentina Ditta, Contrada Gornella 9 89861 Tropea (VV), P.IVA 03686690797<\/p>\n<p><!-- \/wp:paragraph --><!-- wp:heading --><\/p>\n<h2>\u00a0<\/h2>\n<h2>Finalit\u00e0 del trattamento<\/h2>\n<p><!-- \/wp:heading --><!-- wp:paragraph --><\/p>\n<p>IIl Titolare informa gli Utenti del Sito che i dati raccolti saranno trattati lecitamente ai sensi dell\u2019art. 6 del Regolamento esclusivamente per le seguenti finalit\u00e0:<\/p>\n<p>a) dare esecuzione ai contratti di compravendita o di incarico per l\u2019erogazione di servizi (fornitura di beni o servizi) e in generale alle richieste specificatamente provenienti dall\u2019Utente;\u2028b) attivit\u00e0 di marketing, anche tramite l\u2019invio di newsletter, messaggi di tipo Mms o Sms o di altro tipo e contatto telefonico;\u2028c) ricerche di mercato o altre ricerche utili al miglioramento dei propri prodotti o servizi.\u2028d) adempiere agli obblighi imposti dalla legge, dalle autorit\u00e0 competenti e dai regolamenti o normative europee.\u00a0<\/p>\n<p><!-- \/wp:paragraph --><!-- wp:heading --><\/p>\n<h2>\u00a0<\/h2>\n<h2>Base giuridica del trattamento:<\/h2>\n<p><!-- \/wp:heading --><!-- wp:paragraph --><\/p>\n<p>Con riferimento ai precedenti punti a) e d) la base giuridica del trattamento dei Vs. dati personali si fonda sul rapporto contrattuale in essere con la nostra societ\u00e0, e sugli obblighi di legge inerenti la gestione di tale rapporto. Visto l\u2019art. 26 co. 4 lettera d del D.lgs.196\/03, l\u2019art. 6 co. 1 del Regolamento 679\/2016, e l\u2019Autorizzazione generale del Garante per la protezione dei dati personali n. 1\/2016 del 15\/12\/2016, il trattamento dei suoi dati personali, ancorch\u00e9 particolarmente sensibili, non \u00e8 da considerarsi soggetto a consenso. Per le attivit\u00e0 di cui ai punti b) e c) saranno richiesti consensi espressi e separati.\u00a0<br \/>Natura obbligatoria o facoltativa del conferimento dei dati e conseguenze di un eventuale rifiuto a rispondere<br \/>Il conferimento dei dati personali da parte dell\u2019Utente \u00e8 facoltativo, ma \u00e8 indispensabile, relativamente a quei dati indicati come obbligatori e contrassegnati con un asterisco (*) tramite la procedura o moduli di richiesta, in quanto il mancato conferimento comporterebbe l\u2019impossibilit\u00e0 di inviare richieste da parte dell\u2019Utente e di essere eseguite da parte di\u00a0Kamalei B&amp;B.\u00a0<\/p>\n<p><!-- \/wp:paragraph --><!-- wp:heading --><\/p>\n<h2>\u00a0<\/h2>\n<h2>Modalit\u00e0 di trattamento e tempi di conservazione dei dati<\/h2>\n<p><!-- \/wp:heading --><!-- wp:paragraph --><\/p>\n<p>I dati raccolti saranno trattati mediante strumenti manuali, informatici o telematici, con rispetto delle finalit\u00e0 per cui sono stati raccolti e in maniera idonea a garantirne la sicurezza e la riservatezza. I dati personali saranno conservati per il tempo occorrente all\u2019espletamento specifico delle finalit\u00e0 sopra citate, tenendo anche conto del rispetto dei tempi imposti dalla legge per finalit\u00e0 di tutela giudiziaria degli interessi dell\u2019Utente e del Titolare.\u00a0<\/p>\n<p><!-- \/wp:paragraph --><!-- wp:heading --><\/p>\n<h2>\u00a0<\/h2>\n<h2>Ambito di comunicazione e diffusione dei dati<\/h2>\n<p><!-- \/wp:heading --><!-- wp:paragraph --><\/p>\n<p>I dati personali che verranno forniti dall\u2019Utente potranno essere conosciuti e utilizzati dai dipendenti e\/o collaboratori di\u00a0Kamalei B&amp;B,\u00a0incaricati di gestire il Sito e le richieste degli Utenti, al solo scopo di dare esecuzione alle attivit\u00e0 che costituiscono il motivo per cui i dati sono stati raccolti (ad esempio, per dare esecuzione a contratti di vendita o di prestazione di servizi o per l\u2019invio di newsletter). I dati potranno essere comunicati alle altre societ\u00e0 controllanti, controllate e\/o collegate di\u00a0Kamalei B&amp;B,\u00a0in Italia, nell\u2019Unione Europea o verso paesi non appartenenti all\u2019Unione, a condizione che l\u2019ordinamento del Paese di destinazione o di transito dei dati assicuri un livello adeguato di tutela delle persone. L\u2019adeguatezza sar\u00e0 valutata comparando i sistemi del Paese estero e quello italiano.\u2028<br \/>I dati personali degli Utenti potranno inoltre essere comunicati a soggetti terzi, incaricati al lecito trattamento per conto del Titolare, in veste di\u00a0Responsabili Esterni del Trattamento, quali a puro titolo di esempio fornitori di servizi informatici e di altra natura funzionali alla normale operativit\u00e0 del Sito, fornitori di servizi in outsourcing o cloud provider e consulenti o liberi professionisti che assistono\u00a0Kamalei B&amp;B\u00a0 per l\u2019espletamento dei servizi richiesti o che organizzano per suo conto la gestione di iniziative commerciali e marketing previste nell\u2019ambito del consenso ricevuto dall\u2019Utente.\u00a0<br \/>Gli Utenti, a semplice richiesta indirizzata al Titolare nelle modalit\u00e0 comunicate in premessa, potranno ottenere la lista degli eventuali Responsabili Esterni del Trattamento incaricati.<\/p>\n<p><!-- \/wp:paragraph --><!-- wp:heading --><\/p>\n<h2>\u00a0<\/h2>\n<h2>Esistenza di un processo decisionale automatizzato<\/h2>\n<p><!-- \/wp:heading --><!-- wp:paragraph --><\/p>\n<p>Non \u00e8 presente un processo decisionale automatizzato. I dati non saranno oggetto di profilazione.<br \/>Intenzione del Titolare del trattamento dati personali<br \/>Il Titolare del trattamento non trasferir\u00e0 i Vs. dati personali ad un paese terzo o ad una organizzazione internazionale.<\/p>\n<h2>\u00a0<\/h2>\n<h2>Diritti dell\u2019interessato<\/h2>\n<p>L\u2019Utente, in veste di Interessato, potr\u00e0 esercitare i diritti contemplati dal Regolamento, nei confronti di Kamalei B&amp;B, relativamente alle attivit\u00e0 di trattamento che riguardino i Suoi dati personali.<br \/>In particolare, spettano all\u2019Interessato:<\/p>\n<p><br \/>a) Il Diritto di Accesso (Art. 15 RGPD).<\/p>\n<p>L\u2019Interessato pu\u00f2 ottenere la conferma che\u00a0 sia\u00a0 o\u00a0 meno\u00a0 in\u00a0 corso un\u00a0 trattamento di dati personali che lo riguardano, nonch\u00e9 l\u2019accesso alle informazioni sulle finalit\u00e0 del trattamento, sulle categorie dei dati personali trattati, sui destinatari o le categorie di destinatari a cui i dati personali sono o saranno comunicati, sul periodo di\u00a0 conservazione previsto, sull\u2019esistenza del diritto di richiedere la\u00a0 rettifica, la cancellazione o la limitazione del trattamento, sul diritto di proporre reclamo ad un\u2019autorit\u00e0 di controllo, sull\u2019esistenza di un processo decisionale automatizzato, compresa la profilazione;<\/p>\n<p>\u00a0<\/p>\n<p>b) Il Diritto di Rettifica (Art. 16 RGPD).<\/p>\n<p>L\u2019Interessato pu\u00f2 ottenere la rettifica dei dati personali inesatti che lo riguardano, o l\u2019integrazione di dati personali incompleti;<\/p>\n<p>\u00a0<\/p>\n<p>c) Il Diritto alla Cancellazione (diritto all\u2019oblio) (Art. 17 RGPD).<\/p>\n<p>i. L\u2019Interessato pu\u00f2 ottenere la cancellazione dei dati personali che lo riguardano, qualora:<br \/>ii. L\u2019Interessato revochi il consenso rilasciato per il trattamento dei dati personali;<br \/>iii. I dati personali non siano pi\u00f9 necessari rispetto alle finalit\u00e0 per le quali sono stati raccolti;<br \/>iii. I dati personali sono stati trattati illecitamente;<br \/>iiii. I dati personali devono essere cancellati per adempiere un obbligo legale;<\/p>\n<p><br \/>d) Il Diritto di Limitazione di Trattamento (Art. 18 RGPD).<\/p>\n<p>L\u2019Interessato pu\u00f2 ottenere la limitazione del trattamento di dati personali che lo riguardano qualora:<br \/>i. L\u2019Interessato contesta l\u2019esattezza dei dati personali, per il periodo necessario al titolare del trattamento per verificare l\u2019esattezza di tali dati personali;<br \/>ii. Il trattamento \u00e8 illecito e l\u2019interessato si oppone alla cancellazione dei dati personali e chiede invece che ne sia limitato l\u2019utilizzo;<br \/>iii. Bench\u00e9\u00a0Kamalei B&amp;B\u00a0non\u00a0ne\u00a0abbia pi\u00f9\u00a0bisogno\u00a0 ai\u00a0 fini\u00a0 del\u00a0 trattamento,\u00a0 i dati\u00a0 personali sono necessari all\u2019interessato per l\u2019accertamento, l\u2019esercizio o la difesa di un diritto in sede giudiziaria;<\/p>\n<p><br \/>e) Il Diritto alla Portabilit\u00e0 dei Dati (Art. 20 RGPD).<\/p>\n<p>L\u2019interessato ha il diritto di ricevere in un formato strutturato, di uso comune e leggibile da dispositivo automatico i dati personali che lo riguardano forniti alla Societ\u00e0, e ha il diritto di trasmettere tali dati ad un altro Titolare del\u00a0 Trattamento senza\u00a0 impedimenti da parte di Kamalei B&amp;B, qualora\u00a0 il\u00a0 trattamento\u00a0 sia effettuato con mezzi automatizzati. Se tecnicamente fattibile, l\u2019interessato ha inoltre il dritto di ottenere la trasmissione diretta dei propri dati personali da Kamalei B&amp;B ad Altro Titolare del Trattamento;<\/p>\n<p>\u00a0<\/p>\n<p>f) Diritto alla revoca del consenso fornito per il trattamento dei dati sensibili.<\/p>\n<p>I diritti di cui sopra potranno essere esercitati inviando una richiesta utilizzando i contatti forniti in premessa nella presente informativa.<br \/>Oltre ai diritti di cui sopra, spetta sempre all\u2019Interessato il diritto di proporre reclamo per qualsiasi questione\u00a0 riguardante\u00a0 il\u00a0 trattamento\u00a0 dei\u00a0 propri dati\u00a0 personali dinanzi\u00a0 all\u2019Autorit\u00e0 di controllo italiana ovvero il \u00a0Garante\u00a0 per\u00a0 la protezione dei dati personali\u00a0www.garanteprivacy.it.<\/p>\n<p><br \/>Kamalei B&amp;B\u00a0presta grande attenzione al diritto della Privacy e alla protezione dei dati personali degli Utenti. Per ogni informazione in riferimento al contenuto del presente documento, gli Utenti, potranno contattare il Titolare, nel seguente modo:<br \/>a mezzo raccomandata a\/r indirizzata all\u2019attenzione del Titolare del trattamento dei dati presso Kamalei B&amp;B di La Torre Valentina Ditta, Contrada Gornella 9 89861 Tropea (VV) inviando un messaggio di posta elettronica all\u2019indirizzo info@kamalei.it<\/p>\n<p>Il Titolare non assume la responsabilit\u00e0 circa l\u2019aggiornamento dei link indicati nella presente informativa. Nel caso in cui non risulti funzionante correttamente gli Utenti potranno fare riferimento alle sezioni dei siti richiamati nel link.<\/p>\n<p>Data di ultimo aggiornamento dell\u2019informativa: 14\/02\/2023<\/p>\n<p>\u00a0<\/p>\n<p><!-- \/wp:paragraph --><\/p>\t\t\t\t\t\t<\/div>\n\t\t\t\t<\/div>\n\t\t\t\t\t<\/div>\n\t\t<\/div>\n\t\t\t\t\t\t\t<\/div>\n\t\t<\/section>\n\t\t\t\t\t\t\t<\/div>\n\t\t","protected":false},"excerpt":{"rendered":"<p>Informativa Privacy \u00a0 La presente dichiarazione contiene l\u2019indicazione delle norme e delle direttive cui si attiene\u00a0Kamalei B&amp;B di La Torre Valentina Ditta\u00a0(di seguito anche \u201cKamalei B&amp;B\u201d o \u201cTitolare\u201d) per quel che riguarda il trattamento dei dati personali degli utenti (di seguito \u201cUtenti\u201d) del sito web\u00a0www.kamalei.it\u00a0di&#8230;<\/p>\n","protected":false},"author":1,"featured_media":0,"parent":0,"menu_order":0,"comment_status":"closed","ping_status":"closed","template":"","meta":{"footnotes":""},"class_list":["post-3","page","type-page","status-publish","hentry"],"_links":{"self":[{"href":"https:\/\/staging.kamalei.it\/index.php?rest_route=\/wp\/v2\/pages\/3","targetHints":{"allow":["GET"]}}],"collection":[{"href":"https:\/\/staging.kamalei.it\/index.php?rest_route=\/wp\/v2\/pages"}],"about":[{"href":"https:\/\/staging.kamalei.it\/index.php?rest_route=\/wp\/v2\/types\/page"}],"author":[{"embeddable":true,"href":"https:\/\/staging.kamalei.it\/index.php?rest_route=\/wp\/v2\/users\/1"}],"replies":[{"embeddable":true,"href":"https:\/\/staging.kamalei.it\/index.php?rest_route=%2Fwp%2Fv2%2Fcomments&post=3"}],"version-history":[{"count":7,"href":"https:\/\/staging.kamalei.it\/index.php?rest_route=\/wp\/v2\/pages\/3\/revisions"}],"predecessor-version":[{"id":361,"href":"https:\/\/staging.kamalei.it\/index.php?rest_route=\/wp\/v2\/pages\/3\/revisions\/361"}],"wp:attachment":[{"href":"https:\/\/staging.kamalei.it\/index.php?rest_route=%2Fwp%2Fv2%2Fmedia&parent=3"}],"curies":[{"name":"wp","href":"https:\/\/api.w.org\/{rel}","templated":true}]}}